{"id":462,"date":"2024-11-04T18:12:36","date_gmt":"2024-11-04T17:12:36","guid":{"rendered":"https:\/\/www.quievreux.de\/?page_id=462"},"modified":"2024-11-05T09:30:26","modified_gmt":"2024-11-05T08:30:26","slug":"whatsapp-link-generator","status":"publish","type":"page","link":"https:\/\/quievreux.de\/index.php\/whatsapp-link-generator\/","title":{"rendered":"Whatsapp Link Generator"},"content":{"rendered":"\n<p><strong>Einfach und schnell: Dein personalisierter WhatsApp-Link f\u00fcr direkte Kundenkommunikation<\/strong><\/p>\n\n\n\n<h3 class=\"wp-block-heading tw-block-animation tw-animation-fade-in\"><strong>Generiere deinen individuellen WhatsApp-Link und verbessere die Kundenbindung!<\/strong><\/h3>\n\n\n\n<p>Kontaktiere deine Kunden direkt \u00fcber WhatsApp, ohne Umwege. Nutze unseren WhatsApp-Link-Generator, um ma\u00dfgeschneiderte Links zu erstellen, die sofort in den Chat f\u00fchren. Einfach Telefonnummer, Namen und Nachricht eingeben \u2013 ein Klick und alles ist erledigt.<\/p>\n\n\n\n<figure class=\"wp-block-image size-full\"><img loading=\"lazy\" decoding=\"async\" width=\"456\" height=\"576\" src=\"https:\/\/quievreux.de\/wp-content\/uploads\/2024\/11\/Chatten-Screenshot-2024-11-05-085339.png\" alt=\"\" class=\"wp-image-481\" srcset=\"https:\/\/quievreux.de\/wp-content\/uploads\/2024\/11\/Chatten-Screenshot-2024-11-05-085339.png 456w, https:\/\/quievreux.de\/wp-content\/uploads\/2024\/11\/Chatten-Screenshot-2024-11-05-085339-238x300.png 238w\" sizes=\"auto, (max-width: 456px) 100vw, 456px\" \/><\/figure>\n\n\n\n<!DOCTYPE html>\n<html lang=\"de\">\n<head>\n    <meta charset=\"UTF-8\">\n    <meta name=\"viewport\" content=\"width=device-width, initial-scale=1.0\">\n    <title>WhatsApp Link Generator<\/title>\n    <style>\n        body {\n            font-family: Arial, sans-serif;\n            background-color: #e9f5f2;\n        }\n        .container {\n            text-align: center;\n            padding: 20px;\n            max-width: 400px;\n            margin: 0 auto;\n            font-family: Arial, sans-serif;\n            background-color: #000000;\n            border-radius: 8px;\n            box-shadow: 0 4px 8px rgba(0, 0, 0, 0.2);\n        }\n        button:disabled {\n            background-color: #b1d9c9;\n            cursor: not-allowed;\n        }\n        #generate-link {\n            width: 100%; \n            padding: 10px; \n            margin: 10px 0; \n            border-radius: 5px; \n            border: none; \n            background-color: #25D366; \n            color: white; \n            font-size: 16px; \n            cursor: pointer;\n            transition: background-color 0.3s ease;\n        }\n        #generate-link:hover:not(:disabled) {\n            background-color: #1db954;\n        }\n        .tooltip {\n            display: inline-block;\n            position: relative;\n            cursor: help;\n        }\n        .tooltip:hover::after {\n            content: attr(data-tooltip);\n            position: absolute;\n            top: -25px;\n            left: 50%;\n            transform: translateX(-50%);\n            background: #333;\n            color: #fff;\n            padding: 5px;\n            font-size: 12px;\n            border-radius: 4px;\n            white-space: nowrap;\n        }\n    <\/style>\n<\/head>\n<body>\n    <div class=\"container\">\n        <h2>Personalisierten WhatsApp-Link erstellen<\/h2>\n        <label class=\"tooltip\" data-tooltip=\"L\u00e4ndervorwahl ausw\u00e4hlen\" for=\"country-code\">L\u00e4nderkennzahl:<\/label>\n        <select id=\"country-code\">\n            <option value=\"49\">\ud83c\udde9\ud83c\uddea Deutschland (+49)<\/option>\n            <option value=\"1\">\ud83c\uddfa\ud83c\uddf8 USA (+1)<\/option>\n            <option value=\"44\">\ud83c\uddec\ud83c\udde7 UK (+44)<\/option>\n            <option value=\"33\">\ud83c\uddeb\ud83c\uddf7 Frankreich (+33)<\/option>\n            <option value=\"34\">\ud83c\uddea\ud83c\uddf8 Spanien (+34)<\/option>\n        <\/select>\n        <br><br>\n        \n        <label class=\"tooltip\" data-tooltip=\"Ohne f\u00fchrende Null\" for=\"phone-number\">Telefonnummer:<\/label>\n        <input type=\"tel\" id=\"phone-number\" placeholder=\"z.B. 123456789\" style=\"width: 100%; padding: 10px; margin: 10px 0; border-radius: 5px; border: 1px solid #ccc;\">\n        <br>\n        \n        <label class=\"tooltip\" data-tooltip=\"Ihr Name\" for=\"name\">Dein Name:<\/label>\n        <input type=\"text\" id=\"name\" placeholder=\"Max Mustermann\" style=\"width: 100%; padding: 10px; margin: 10px 0; border-radius: 5px; border: 1px solid #ccc;\">\n        <br>\n        \n        <label class=\"tooltip\" data-tooltip=\"Nachricht an den Empf\u00e4nger\" for=\"message\">Deine Nachricht:<\/label>\n        <textarea id=\"message\" placeholder=\"Ihre Nachricht hier...\" style=\"width: 100%; padding: 10px; margin: 10px 0; border-radius: 5px; border: 1px solid #ccc;\"><\/textarea>\n        <br>\n        \n        <button id=\"generate-link\">WhatsApp-Link erstellen<\/button>\n        <p id=\"result\" style=\"color: green;\"><\/p>\n        <p id=\"preview\" style=\"color: rgb(255, 255, 255) ;\"><\/p>\n    <\/div>\n\n    <script>\n        let lastLinkGeneratedTime = 0;\n        let typingTimer;\n        \n        \/\/ Echtzeitvorschau Funktion\n        function updatePreview() {\n            const name = document.getElementById(\"name\").value;\n            const message = document.getElementById(\"message\").value;\n            if (name && message) {\n                document.getElementById(\"preview\").textContent = `Vorschau: Hallo ${name}, ${message}`;\n            } else {\n                document.getElementById(\"preview\").textContent = \"\";\n            }\n        }\n\n        \/\/ Event-Listener f\u00fcr Echtzeitvorschau\n        document.querySelectorAll('#name, #message').forEach(input => {\n            input.addEventListener('input', () => {\n                clearTimeout(typingTimer);\n                typingTimer = setTimeout(updatePreview, 1000);\n            });\n        });\n\n        \/\/ Generiert den WhatsApp-Link nach Button-Klick\n        document.getElementById(\"generate-link\").addEventListener(\"click\", function() {\n            const currentTime = Date.now();\n            if (currentTime - lastLinkGeneratedTime < 5000) {\n                alert(\"Bitte warten Sie 5 Sekunden, bevor Sie einen neuen Link erstellen.\");\n                return;\n            }\n            lastLinkGeneratedTime = currentTime;\n\n            const countryCode = document.getElementById(\"country-code\").value;\n            const phoneNumber = document.getElementById(\"phone-number\").value;\n            const name = document.getElementById(\"name\").value;\n            const message = document.getElementById(\"message\").value;\n\n            if (!phoneNumber || !name || !message) {\n                alert(\"Bitte alle Felder ausf\u00fcllen.\");\n                return;\n            }\n\n            const encodedMessage = encodeURIComponent(`Hallo ${name}, ${message}`);\n            const whatsappLink = `https:\/\/wa.me\/${countryCode}${phoneNumber}?text=${encodedMessage}`;\n            const queryString = `country_code=${countryCode}&#038;phone_number=${phoneNumber}&#038;name=${encodeURIComponent(name)}&#038;message=${encodeURIComponent(message)}`;\n            const webServiceUrl = `https:\/\/hook.eu1.make.com\/gev2j7n71feo2l28b5g5vyiga5trxpfe?${queryString}`;\n\n            \/\/ Webservice Anruf\n            fetch(webServiceUrl)\n                .then(response => {\n                    if (!response.ok) throw new Error(\"Fehler beim Senden an den Webservice.\");\n                    console.log(\"Daten erfolgreich an den Webservice gesendet.\");\n                })\n                .catch(error => console.error(error));\n\n            document.getElementById(\"result\").innerHTML = `\n                <a href=\"${whatsappLink}\" target=\"_blank\" style=\"color: #25D366; text-decoration: none;\">WhatsApp \u00f6ffnen<\/a> \n                oder <button onclick=\"copyLink('${whatsappLink}')\" style=\"padding: 5px 10px; background-color: #25D366; color: white; border: none; border-radius: 3px; cursor: pointer;\">Link kopieren<\/button>\n            `;\n        });\n\n        \/\/ Kopierfunktion f\u00fcr WhatsApp-Link\n        function copyLink(link) {\n            navigator.clipboard.writeText(link).then(() => {\n                alert(\"Link wurde kopiert!\");\n            }).catch(() => alert(\"Fehler beim Kopieren.\"));\n        }\n    <\/script>\n<\/body>\n<\/html>\n\n\n\n\n<p><strong>Warum ein individueller WhatsApp-Link?<\/strong><\/p>\n\n\n\n<ul class=\"wp-block-list\">\n<li><strong>Direkte Kommunikation<\/strong>: Lass deine Kunden direkt auf WhatsApp Kontakt mit dir Kontakt aufnehmen, ohne deine Nummer und eine Nachricht manuell eingeben zu m\u00fcssen.<\/li>\n\n\n\n<li><strong>Kundenbindung st\u00e4rken<\/strong>: Biete einen modernen, schnellen Kontaktweg und schaffe Vertrauen durch pers\u00f6nliche Ansprachen.<\/li>\n\n\n\n<li><strong>Einfach und schnell<\/strong>: Der Link ist innerhalb weniger Sekunden erstellt und einsatzbereit auf deiner Website, Social Media oder in Ihrer Signatur.<\/li>\n<\/ul>\n\n\n\n<h4 class=\"wp-block-heading\">So funktioniert unser WhatsApp-Link-Generator <\/h4>\n\n\n\n<ol class=\"wp-block-list\">\n<li><strong>L\u00e4ndervorwahl w\u00e4hlen<\/strong> \u2013 Passen Sie den Link auf Ihre Region an.<\/li>\n\n\n\n<li><strong>Telefonnummer eingeben<\/strong> \u2013 Nur die Telefonnummer ohne f\u00fchrende Null.<\/li>\n\n\n\n<li><strong>Name und Nachricht<\/strong> \u2013 Gestalte deine Nachricht pers\u00f6nlich f\u00fcr mehr Kundenn\u00e4he. Dies ist die Nachricht, die sp\u00e4ter bei dir erscheint. Damit wei\u00dft du in welchem Kontext der Benutzer dich anfragt. <\/li>\n<\/ol>\n\n\n\n<p>Mit einem Klick wird Ihr personalisierter WhatsApp-Link generiert und ist sofort bereit f\u00fcr den Einsatz. Ob auf Webseiten, Social Media oder in Newslettern \u2013 Ihre Kunden k\u00f6nnen ohne Umwege in Kontakt treten.<\/p>\n\n\n\n<hr class=\"wp-block-separator has-alpha-channel-opacity\"\/>\n\n\n\n<h4 class=\"wp-block-heading\">H\u00e4ufige Fragen (FAQ) zu personalisierten WhatsApp-Links <\/h4>\n\n\n\n<p><strong>Was ist ein personalisierter WhatsApp-Link?<\/strong> Ein personalisierter WhatsApp-Link f\u00fchrt Kunden direkt in einen WhatsApp-Chat mit Ihrer Nummer und einer vorgefertigten Nachricht. Kunden m\u00fcssen Ihre Nummer nicht manuell eingeben \u2013 ein einfacher Klick gen\u00fcgt.<\/p>\n\n\n\n<p><strong>Wie kann ich den Link verwenden?<\/strong> Der Link kann auf Ihrer Webseite, in Social-Media-Posts oder E-Mails eingef\u00fcgt werden. Er eignet sich perfekt f\u00fcr den schnellen und einfachen Kundenkontakt.<\/p>\n\n\n\n<p><strong>Welche Vorteile bringt das f\u00fcr mein Unternehmen?<\/strong> Ein direkter WhatsApp-Kontaktweg verbessert Ihre Erreichbarkeit und erm\u00f6glicht es, Kundenanfragen sofort zu beantworten. Die einfache Nutzung schafft Vertrauen und bietet eine moderne Kontaktl\u00f6sung.<\/p>\n\n\n\n<hr class=\"wp-block-separator has-alpha-channel-opacity\"\/>\n\n\n\n<h4 class=\"wp-block-heading\">CTA (Call to Action)<\/h4>\n\n\n\n<p><strong>Jetzt kostenlos WhatsApp-Link erstellen und Kundenkontakt optimieren!<\/strong><\/p>\n\n\n\n<p>Nutzen Sie die Vorteile des personalisierten WhatsApp-Links f\u00fcr Ihr Business. Testen Sie unseren Generator \u2013 f\u00fcr einfachere, direkte Kommunikation, wann immer Ihre Kunden es brauchen.<\/p>\n\n\n\n<hr class=\"wp-block-separator has-alpha-channel-opacity\"\/>\n\n\n\n<p><\/p>\n","protected":false},"excerpt":{"rendered":"<p>Einfach und schnell: Dein personalisierter WhatsApp-Link f\u00fcr direkte Kundenkommunikation Generiere deinen individuellen WhatsApp-Link und verbessere die Kundenbindung! Kontaktiere deine Kunden direkt \u00fcber WhatsApp, ohne Umwege. Nutze unseren WhatsApp-Link-Generator, um ma\u00dfgeschneiderte Links zu erstellen, die sofort in den Chat f\u00fchren. Einfach Telefonnummer, Namen und Nachricht eingeben \u2013 ein Klick und alles ist erledigt. WhatsApp Link Generator &hellip; <\/p>\n<p class=\"link-more\"><a href=\"https:\/\/quievreux.de\/index.php\/whatsapp-link-generator\/\" class=\"more-link\"><span class=\"screen-reader-text\">\u201eWhatsapp Link Generator\u201c <\/span>weiterlesen<\/a><\/p>\n","protected":false},"author":1,"featured_media":0,"parent":0,"menu_order":0,"comment_status":"closed","ping_status":"closed","template":"","meta":{"footnotes":""},"class_list":["post-462","page","type-page","status-publish","hentry","entry"],"yoast_head":"<!-- This site is optimized with the Yoast SEO plugin v27.6 - https:\/\/yoast.com\/product\/yoast-seo-wordpress\/ -->\n<title>Whatsapp Link Generator &#8211; Verwandle Ideen in Content \u2013 Automatische Erstellung f\u00fcr alle Plattformen<\/title>\n<meta name=\"robots\" content=\"index, follow, max-snippet:-1, max-image-preview:large, max-video-preview:-1\" \/>\n<link rel=\"canonical\" href=\"https:\/\/quievreux.de\/index.php\/whatsapp-link-generator\/\" \/>\n<meta property=\"og:locale\" content=\"de_DE\" \/>\n<meta property=\"og:type\" content=\"article\" \/>\n<meta property=\"og:title\" content=\"Whatsapp Link Generator &#8211; Verwandle Ideen in Content \u2013 Automatische Erstellung f\u00fcr alle Plattformen\" \/>\n<meta property=\"og:description\" content=\"Einfach und schnell: Dein personalisierter WhatsApp-Link f\u00fcr direkte Kundenkommunikation Generiere deinen individuellen WhatsApp-Link und verbessere die Kundenbindung! Kontaktiere deine Kunden direkt \u00fcber WhatsApp, ohne Umwege. Nutze unseren WhatsApp-Link-Generator, um ma\u00dfgeschneiderte Links zu erstellen, die sofort in den Chat f\u00fchren. Einfach Telefonnummer, Namen und Nachricht eingeben \u2013 ein Klick und alles ist erledigt. WhatsApp Link Generator &hellip; \u201eWhatsapp Link Generator\u201c weiterlesen\" \/>\n<meta property=\"og:url\" content=\"https:\/\/quievreux.de\/index.php\/whatsapp-link-generator\/\" \/>\n<meta property=\"og:site_name\" content=\"Verwandle Ideen in Content \u2013 Automatische Erstellung f\u00fcr alle Plattformen\" \/>\n<meta property=\"article:modified_time\" content=\"2024-11-05T08:30:26+00:00\" \/>\n<meta property=\"og:image\" content=\"https:\/\/quievreux.de\/wp-content\/uploads\/2024\/11\/Chatten-Screenshot-2024-11-05-085339.png\" \/>\n\t<meta property=\"og:image:width\" content=\"456\" \/>\n\t<meta property=\"og:image:height\" content=\"576\" \/>\n\t<meta property=\"og:image:type\" content=\"image\/png\" \/>\n<meta name=\"twitter:card\" content=\"summary_large_image\" \/>\n<meta name=\"twitter:label1\" content=\"Gesch\u00e4tzte Lesezeit\" \/>\n\t<meta name=\"twitter:data1\" content=\"2\u00a0Minuten\" \/>\n<script type=\"application\/ld+json\" class=\"yoast-schema-graph\">{\"@context\":\"https:\\\/\\\/schema.org\",\"@graph\":[{\"@type\":\"WebPage\",\"@id\":\"https:\\\/\\\/quievreux.de\\\/index.php\\\/whatsapp-link-generator\\\/\",\"url\":\"https:\\\/\\\/quievreux.de\\\/index.php\\\/whatsapp-link-generator\\\/\",\"name\":\"Whatsapp Link Generator &#8211; Verwandle Ideen in Content \u2013 Automatische Erstellung f\u00fcr alle Plattformen\",\"isPartOf\":{\"@id\":\"https:\\\/\\\/quievreux.de\\\/#website\"},\"primaryImageOfPage\":{\"@id\":\"https:\\\/\\\/quievreux.de\\\/index.php\\\/whatsapp-link-generator\\\/#primaryimage\"},\"image\":{\"@id\":\"https:\\\/\\\/quievreux.de\\\/index.php\\\/whatsapp-link-generator\\\/#primaryimage\"},\"thumbnailUrl\":\"https:\\\/\\\/quievreux.de\\\/wp-content\\\/uploads\\\/2024\\\/11\\\/Chatten-Screenshot-2024-11-05-085339.png\",\"datePublished\":\"2024-11-04T17:12:36+00:00\",\"dateModified\":\"2024-11-05T08:30:26+00:00\",\"breadcrumb\":{\"@id\":\"https:\\\/\\\/quievreux.de\\\/index.php\\\/whatsapp-link-generator\\\/#breadcrumb\"},\"inLanguage\":\"de\",\"potentialAction\":[{\"@type\":\"ReadAction\",\"target\":[\"https:\\\/\\\/quievreux.de\\\/index.php\\\/whatsapp-link-generator\\\/\"]}]},{\"@type\":\"ImageObject\",\"inLanguage\":\"de\",\"@id\":\"https:\\\/\\\/quievreux.de\\\/index.php\\\/whatsapp-link-generator\\\/#primaryimage\",\"url\":\"https:\\\/\\\/quievreux.de\\\/wp-content\\\/uploads\\\/2024\\\/11\\\/Chatten-Screenshot-2024-11-05-085339.png\",\"contentUrl\":\"https:\\\/\\\/quievreux.de\\\/wp-content\\\/uploads\\\/2024\\\/11\\\/Chatten-Screenshot-2024-11-05-085339.png\",\"width\":456,\"height\":576},{\"@type\":\"BreadcrumbList\",\"@id\":\"https:\\\/\\\/quievreux.de\\\/index.php\\\/whatsapp-link-generator\\\/#breadcrumb\",\"itemListElement\":[{\"@type\":\"ListItem\",\"position\":1,\"name\":\"Home\",\"item\":\"https:\\\/\\\/quievreux.de\\\/\"},{\"@type\":\"ListItem\",\"position\":2,\"name\":\"Whatsapp Link Generator\"}]},{\"@type\":\"WebSite\",\"@id\":\"https:\\\/\\\/quievreux.de\\\/#website\",\"url\":\"https:\\\/\\\/quievreux.de\\\/\",\"name\":\"Quievreux Consulting\",\"description\":\"Quievreux Consulting \u2013 Dein Partner f\u00fcr Content-Automatisierung\",\"potentialAction\":[{\"@type\":\"SearchAction\",\"target\":{\"@type\":\"EntryPoint\",\"urlTemplate\":\"https:\\\/\\\/quievreux.de\\\/?s={search_term_string}\"},\"query-input\":{\"@type\":\"PropertyValueSpecification\",\"valueRequired\":true,\"valueName\":\"search_term_string\"}}],\"inLanguage\":\"de\"}]}<\/script>\n<!-- \/ Yoast SEO plugin. -->","yoast_head_json":{"title":"Whatsapp Link Generator &#8211; Verwandle Ideen in Content \u2013 Automatische Erstellung f\u00fcr alle Plattformen","robots":{"index":"index","follow":"follow","max-snippet":"max-snippet:-1","max-image-preview":"max-image-preview:large","max-video-preview":"max-video-preview:-1"},"canonical":"https:\/\/quievreux.de\/index.php\/whatsapp-link-generator\/","og_locale":"de_DE","og_type":"article","og_title":"Whatsapp Link Generator &#8211; Verwandle Ideen in Content \u2013 Automatische Erstellung f\u00fcr alle Plattformen","og_description":"Einfach und schnell: Dein personalisierter WhatsApp-Link f\u00fcr direkte Kundenkommunikation Generiere deinen individuellen WhatsApp-Link und verbessere die Kundenbindung! Kontaktiere deine Kunden direkt \u00fcber WhatsApp, ohne Umwege. Nutze unseren WhatsApp-Link-Generator, um ma\u00dfgeschneiderte Links zu erstellen, die sofort in den Chat f\u00fchren. Einfach Telefonnummer, Namen und Nachricht eingeben \u2013 ein Klick und alles ist erledigt. WhatsApp Link Generator &hellip; \u201eWhatsapp Link Generator\u201c weiterlesen","og_url":"https:\/\/quievreux.de\/index.php\/whatsapp-link-generator\/","og_site_name":"Verwandle Ideen in Content \u2013 Automatische Erstellung f\u00fcr alle Plattformen","article_modified_time":"2024-11-05T08:30:26+00:00","og_image":[{"width":456,"height":576,"url":"https:\/\/quievreux.de\/wp-content\/uploads\/2024\/11\/Chatten-Screenshot-2024-11-05-085339.png","type":"image\/png"}],"twitter_card":"summary_large_image","twitter_misc":{"Gesch\u00e4tzte Lesezeit":"2\u00a0Minuten"},"schema":{"@context":"https:\/\/schema.org","@graph":[{"@type":"WebPage","@id":"https:\/\/quievreux.de\/index.php\/whatsapp-link-generator\/","url":"https:\/\/quievreux.de\/index.php\/whatsapp-link-generator\/","name":"Whatsapp Link Generator &#8211; Verwandle Ideen in Content \u2013 Automatische Erstellung f\u00fcr alle Plattformen","isPartOf":{"@id":"https:\/\/quievreux.de\/#website"},"primaryImageOfPage":{"@id":"https:\/\/quievreux.de\/index.php\/whatsapp-link-generator\/#primaryimage"},"image":{"@id":"https:\/\/quievreux.de\/index.php\/whatsapp-link-generator\/#primaryimage"},"thumbnailUrl":"https:\/\/quievreux.de\/wp-content\/uploads\/2024\/11\/Chatten-Screenshot-2024-11-05-085339.png","datePublished":"2024-11-04T17:12:36+00:00","dateModified":"2024-11-05T08:30:26+00:00","breadcrumb":{"@id":"https:\/\/quievreux.de\/index.php\/whatsapp-link-generator\/#breadcrumb"},"inLanguage":"de","potentialAction":[{"@type":"ReadAction","target":["https:\/\/quievreux.de\/index.php\/whatsapp-link-generator\/"]}]},{"@type":"ImageObject","inLanguage":"de","@id":"https:\/\/quievreux.de\/index.php\/whatsapp-link-generator\/#primaryimage","url":"https:\/\/quievreux.de\/wp-content\/uploads\/2024\/11\/Chatten-Screenshot-2024-11-05-085339.png","contentUrl":"https:\/\/quievreux.de\/wp-content\/uploads\/2024\/11\/Chatten-Screenshot-2024-11-05-085339.png","width":456,"height":576},{"@type":"BreadcrumbList","@id":"https:\/\/quievreux.de\/index.php\/whatsapp-link-generator\/#breadcrumb","itemListElement":[{"@type":"ListItem","position":1,"name":"Home","item":"https:\/\/quievreux.de\/"},{"@type":"ListItem","position":2,"name":"Whatsapp Link Generator"}]},{"@type":"WebSite","@id":"https:\/\/quievreux.de\/#website","url":"https:\/\/quievreux.de\/","name":"Quievreux Consulting","description":"Quievreux Consulting \u2013 Dein Partner f\u00fcr Content-Automatisierung","potentialAction":[{"@type":"SearchAction","target":{"@type":"EntryPoint","urlTemplate":"https:\/\/quievreux.de\/?s={search_term_string}"},"query-input":{"@type":"PropertyValueSpecification","valueRequired":true,"valueName":"search_term_string"}}],"inLanguage":"de"}]}},"_links":{"self":[{"href":"https:\/\/quievreux.de\/index.php\/wp-json\/wp\/v2\/pages\/462","targetHints":{"allow":["GET"]}}],"collection":[{"href":"https:\/\/quievreux.de\/index.php\/wp-json\/wp\/v2\/pages"}],"about":[{"href":"https:\/\/quievreux.de\/index.php\/wp-json\/wp\/v2\/types\/page"}],"author":[{"embeddable":true,"href":"https:\/\/quievreux.de\/index.php\/wp-json\/wp\/v2\/users\/1"}],"replies":[{"embeddable":true,"href":"https:\/\/quievreux.de\/index.php\/wp-json\/wp\/v2\/comments?post=462"}],"version-history":[{"count":15,"href":"https:\/\/quievreux.de\/index.php\/wp-json\/wp\/v2\/pages\/462\/revisions"}],"predecessor-version":[{"id":484,"href":"https:\/\/quievreux.de\/index.php\/wp-json\/wp\/v2\/pages\/462\/revisions\/484"}],"wp:attachment":[{"href":"https:\/\/quievreux.de\/index.php\/wp-json\/wp\/v2\/media?parent=462"}],"curies":[{"name":"wp","href":"https:\/\/api.w.org\/{rel}","templated":true}]}}